{"id":366,"date":"2020-05-07T21:48:13","date_gmt":"2020-05-07T19:48:13","guid":{"rendered":"https:\/\/janka.ity.sk\/?page_id=366"},"modified":"2020-05-08T08:15:18","modified_gmt":"2020-05-08T06:15:18","slug":"366-2","status":"publish","type":"page","link":"https:\/\/janka.ity.sk\/de\/","title":{"rendered":"10. M\u00e1j &#8211; De\u0148 Matiek"},"content":{"rendered":"<p>[et_pb_section fb_built=&#8221;1&#8243; _builder_version=&#8221;4.4.2&#8243; background_enable_image=&#8221;off&#8221; background_size=&#8221;contain&#8221; background_position=&#8221;center_right&#8221; custom_padding=&#8221;0px||0px|||&#8221; top_divider_color=&#8221;#000000&#8243; top_divider_height=&#8221;235px&#8221; top_divider_repeat=&#8221;0x&#8221; bottom_divider_height=&#8221;260px&#8221; background_last_edited=&#8221;off|desktop&#8221; background_size_tablet=&#8221;cover&#8221; background__hover_enabled=&#8221;off|desktop&#8221;][et_pb_row _builder_version=&#8221;4.4.2&#8243; module_alignment=&#8221;center&#8221;][et_pb_column type=&#8221;4_4&#8243; _builder_version=&#8221;4.4.2&#8243;][et_pb_post_title meta=&#8221;off&#8221; featured_image=&#8221;off&#8221; _builder_version=&#8221;4.4.2&#8243; title_font=&#8221;|600|||||||&#8221; title_text_color=&#8221;#8300e9&#8243; title_font_size=&#8221;56px&#8221; text_orientation=&#8221;center&#8221; title_text_shadow_style=&#8221;preset2&#8243;][\/et_pb_post_title][et_pb_image src=&#8221;https:\/\/janka.ity.sk\/wp-content\/uploads\/2020\/05\/white-ceramic-teacup-2072170-1.jpg&#8221; _builder_version=&#8221;4.4.2&#8243;][\/et_pb_image][\/et_pb_column][\/et_pb_row][\/et_pb_section][et_pb_section fb_built=&#8221;1&#8243; module_id=&#8221;anchor1&#8243; _builder_version=&#8221;4.4.2&#8243; background_enable_image=&#8221;off&#8221; background_size=&#8221;contain&#8221; background_position=&#8221;center_right&#8221; custom_padding=&#8221;0px||0px|||&#8221; top_divider_color=&#8221;#000000&#8243; top_divider_height=&#8221;235px&#8221; top_divider_repeat=&#8221;0x&#8221; background_size_tablet=&#8221;cover&#8221; background__hover_enabled=&#8221;off|desktop&#8221;][et_pb_row _builder_version=&#8221;4.4.2&#8243; module_alignment=&#8221;center&#8221;][et_pb_column type=&#8221;4_4&#8243; _builder_version=&#8221;4.4.2&#8243;][et_pb_text _builder_version=&#8221;4.4.2&#8243; custom_padding=&#8221;16px|||||&#8221;]<\/p>\n<h2 style=\"text-align: center;\"><strong>Spolo\u010dne si vypo\u010dujte pesni\u010dku<\/strong><\/h2>\n<p>[\/et_pb_text][et_pb_code _builder_version=&#8221;4.4.2&#8243;]<iframe loading=\"lazy\" width=\"560\" height=\"315\" src=\"https:\/\/www.youtube.com\/embed\/AwHE6Hkf3aM\" frameborder=\"0\" allow=\"accelerometer; autoplay; encrypted-media; gyroscope; picture-in-picture\" allowfullscreen><\/iframe>[\/et_pb_code][\/et_pb_column][\/et_pb_row][\/et_pb_section][et_pb_section fb_built=&#8221;1&#8243; module_id=&#8221;anchor2&#8243; _builder_version=&#8221;4.4.2&#8243; background_enable_image=&#8221;off&#8221; background_size=&#8221;contain&#8221; background_position=&#8221;center_right&#8221; custom_padding=&#8221;0px||0px|||&#8221; background_size_tablet=&#8221;cover&#8221; background__hover_enabled=&#8221;off|desktop&#8221;][et_pb_row _builder_version=&#8221;4.4.2&#8243; custom_padding=&#8221;||0px|||&#8221;][et_pb_column type=&#8221;4_4&#8243; _builder_version=&#8221;4.4.2&#8243;][et_pb_text _builder_version=&#8221;4.4.2&#8243; custom_padding=&#8221;16px|||||&#8221;]<\/p>\n<h2 class=\"subject\" style=\"text-align: center;\"><strong>Pre\u010d\u00edtaj mamke b\u00e1sni\u010dku<\/strong><\/h2>\n<p>[\/et_pb_text][et_pb_image src=&#8221;https:\/\/janka.ity.sk\/wp-content\/uploads\/2020\/05\/basnicka.png&#8221; align=&#8221;center&#8221; _builder_version=&#8221;4.4.2&#8243;][\/et_pb_image][\/et_pb_column][\/et_pb_row][\/et_pb_section][et_pb_section fb_built=&#8221;1&#8243; module_id=&#8221;anchor3&#8243; _builder_version=&#8221;4.4.2&#8243; background_enable_image=&#8221;off&#8221; background_size=&#8221;contain&#8221; background_position=&#8221;center_right&#8221; custom_padding=&#8221;0px||0px|||&#8221; background_last_edited=&#8221;off|desktop&#8221; background_size_tablet=&#8221;cover&#8221; background__hover_enabled=&#8221;off|desktop&#8221;][et_pb_row _builder_version=&#8221;4.4.2&#8243; module_alignment=&#8221;center&#8221;][et_pb_column type=&#8221;4_4&#8243; _builder_version=&#8221;4.4.2&#8243;][et_pb_text _builder_version=&#8221;4.4.2&#8243; custom_padding=&#8221;16px|||||&#8221;]<\/p>\n<h2 style=\"text-align: center;\"><strong>Sk\u00fas vyrobi\u0165 srdce<\/strong><\/h2>\n<p>[\/et_pb_text][\/et_pb_column][\/et_pb_row][et_pb_row column_structure=&#8221;1_3,1_3,1_3&#8243; _builder_version=&#8221;4.4.2&#8243; custom_padding=&#8221;0px|||||&#8221;][et_pb_column type=&#8221;1_3&#8243; _builder_version=&#8221;4.4.2&#8243;][et_pb_image src=&#8221;https:\/\/janka.ity.sk\/wp-content\/uploads\/2020\/05\/art-artistic-bright-color-220502-1.jpg&#8221; align=&#8221;center&#8221; _builder_version=&#8221;4.4.2&#8243;][\/et_pb_image][\/et_pb_column][et_pb_column type=&#8221;1_3&#8243; _builder_version=&#8221;4.4.2&#8243;][et_pb_image src=&#8221;https:\/\/janka.ity.sk\/wp-content\/uploads\/2020\/05\/flatlay-photo-of-heart-shaped-coffee-beans-977882-1.jpg&#8221; align=&#8221;center&#8221; _builder_version=&#8221;4.4.2&#8243;][\/et_pb_image][\/et_pb_column][et_pb_column type=&#8221;1_3&#8243; _builder_version=&#8221;4.4.2&#8243;][et_pb_image src=&#8221;https:\/\/janka.ity.sk\/wp-content\/uploads\/2020\/05\/white-flower-forming-heart-735965-1.jpg&#8221; align=&#8221;center&#8221; _builder_version=&#8221;4.4.2&#8243;][\/et_pb_image][\/et_pb_column][\/et_pb_row][\/et_pb_section][et_pb_section fb_built=&#8221;1&#8243; module_id=&#8221;anchor4&#8243; _builder_version=&#8221;4.4.2&#8243; background_enable_image=&#8221;off&#8221; background_size=&#8221;contain&#8221; background_position=&#8221;center_right&#8221; custom_padding=&#8221;0px||0px|||&#8221; background_size_tablet=&#8221;cover&#8221; background__hover_enabled=&#8221;off|desktop&#8221;][et_pb_row _builder_version=&#8221;4.4.2&#8243; custom_padding=&#8221;||0px|||&#8221;][et_pb_column type=&#8221;4_4&#8243; _builder_version=&#8221;4.4.2&#8243;][et_pb_text _builder_version=&#8221;4.4.2&#8243; custom_padding=&#8221;16px|||||&#8221;]<\/p>\n<h2 class=\"subject\" style=\"text-align: center;\"><strong>DARUJTE DAR\u010cEK, ktor\u00fd V\u00e1s nebude ni\u010d st\u00e1\u0165&#8230;.<\/strong><\/h2>\n<p>[\/et_pb_text][et_pb_text _builder_version=&#8221;4.4.2&#8243; hover_enabled=&#8221;0&#8243;]<\/p>\n<h3 style=\"text-align: center;\">Najv\u00e4\u010d\u0161\u00edm dar\u010dekom pre Tvoju mami\u010dku je\u00a0<strong>\u00fasmev, hor\u00face objatie a sladu\u010dk\u00fd bozk\u00a0 pln\u00fd l\u00e1sky<\/strong><\/h3>\n<h3 style=\"text-align: center;\"><span style=\"color: #0000ff;\"><strong>Odfo\u0165te sa spolu s mamkou a po\u0161lite mi fotku<\/strong><\/span><\/h3>\n<p style=\"text-align: center;\"><strong><\/strong><\/p>\n<div id=\"post-body\">\n<p>&nbsp;<\/p>\n<\/div>\n<p>[\/et_pb_text][et_pb_image src=&#8221;https:\/\/janka.ity.sk\/wp-content\/uploads\/2020\/05\/IMG_20200507_224158-1-1-2.jpg&#8221; align=&#8221;center&#8221; _builder_version=&#8221;4.4.2&#8243;][\/et_pb_image][\/et_pb_column][\/et_pb_row][\/et_pb_section]<\/p>\n","protected":false},"excerpt":{"rendered":"<p>Spolo\u010dne si vypo\u010dujte pesni\u010dkuPre\u010d\u00edtaj mamke b\u00e1sni\u010dkuSk\u00fas vyrobi\u0165 srdceDARUJTE DAR\u010cEK, ktor\u00fd V\u00e1s nebude ni\u010d st\u00e1\u0165&#8230;.Najv\u00e4\u010d\u0161\u00edm dar\u010dekom pre Tvoju mami\u010dku je\u00a0\u00fasmev, hor\u00face objatie a sladu\u010dk\u00fd bozk\u00a0 pln\u00fd l\u00e1sky Odfo\u0165te sa spolu s mamkou a po\u0161lite mi fotku &nbsp;<\/p>\n","protected":false},"author":1,"featured_media":0,"parent":0,"menu_order":0,"comment_status":"closed","ping_status":"closed","template":"","meta":{"_et_pb_use_builder":"on","_et_pb_old_content":"","_et_gb_content_width":""},"translation":{"provider":"WPGlobus","version":"2.8.11","language":"de","enabled_languages":["sk","en","de"],"languages":{"sk":{"title":true,"content":true,"excerpt":false},"en":{"title":false,"content":false,"excerpt":false},"de":{"title":false,"content":false,"excerpt":false}}},"_links":{"self":[{"href":"https:\/\/janka.ity.sk\/de\/wp-json\/wp\/v2\/pages\/366"}],"collection":[{"href":"https:\/\/janka.ity.sk\/de\/wp-json\/wp\/v2\/pages"}],"about":[{"href":"https:\/\/janka.ity.sk\/de\/wp-json\/wp\/v2\/types\/page"}],"author":[{"embeddable":true,"href":"https:\/\/janka.ity.sk\/de\/wp-json\/wp\/v2\/users\/1"}],"replies":[{"embeddable":true,"href":"https:\/\/janka.ity.sk\/de\/wp-json\/wp\/v2\/comments?post=366"}],"version-history":[{"count":24,"href":"https:\/\/janka.ity.sk\/de\/wp-json\/wp\/v2\/pages\/366\/revisions"}],"predecessor-version":[{"id":427,"href":"https:\/\/janka.ity.sk\/de\/wp-json\/wp\/v2\/pages\/366\/revisions\/427"}],"wp:attachment":[{"href":"https:\/\/janka.ity.sk\/de\/wp-json\/wp\/v2\/media?parent=366"}],"curies":[{"name":"wp","href":"https:\/\/api.w.org\/{rel}","templated":true}]}}